{"id":3739,"date":"2025-11-12T10:44:10","date_gmt":"2025-11-12T10:44:10","guid":{"rendered":"https:\/\/saxparishotel.com\/?page_id=3739"},"modified":"2026-01-07T17:31:16","modified_gmt":"2026-01-07T17:31:16","slug":"blog","status":"publish","type":"page","link":"https:\/\/saxparishotel.com\/pt\/blog\/","title":{"rendered":"Blogue"},"content":{"rendered":"\t\t<div data-elementor-type=\"wp-page\" data-elementor-id=\"3739\" class=\"elementor elementor-3739\" data-elementor-post-type=\"page\">\n\t\t\t\t\t\t<section class=\"elementor-section elementor-top-section elementor-element elementor-element-7ec013c cs-parallax-on-scroll cs_scroll_y_80 elementor-section-height-min-height elementor-section-stretched elementor-section-boxed elementor-section-height-default elementor-section-items-middle\" data-id=\"7ec013c\" data-element_type=\"section\" data-e-type=\"section\" data-settings=\"{&quot;background_background&quot;:&quot;classic&quot;,&quot;stretch_section&quot;:&quot;section-stretched&quot;,&quot;ekit_has_onepagescroll_dot&quot;:&quot;yes&quot;}\" data-cs-parallax-y=\"80\" style=\"background-image: none;\" data-cs-background-image=\"https:\/\/saxparishotel.com\/wp-content\/uploads\/2026\/01\/sax_paris_reception.webp\" data-cs-background-image-alt-text=\"\">\n\t\t\t\t\t\t\t<div class=\"elementor-background-overlay\"><\/div>\n\t\t\t\t\t\t\t<div class=\"elementor-container elementor-column-gap-no\">\n\t\t\t\t\t<div class=\"elementor-column elementor-col-100 elementor-top-column elementor-element elementor-element-aaa14c0 dark-color\" data-id=\"aaa14c0\" data-element_type=\"column\" data-e-type=\"column\">\n\t\t\t<div class=\"elementor-widget-wrap elementor-element-populated\">\n\t\t\t\t\t\t<div class=\"elementor-element elementor-element-361647c elementor-widget elementor-widget-cs_title\" data-id=\"361647c\" data-element_type=\"widget\" data-e-type=\"widget\" data-settings=\"{&quot;ekit_we_effect_on&quot;:&quot;none&quot;}\" data-widget_type=\"cs_title.default\">\n\t\t\t\t<div class=\"elementor-widget-container\">\n\t\t\t\t\t\n        <div class=\"cs-title-wrap text-center\">\t            <h3 class=\"cs-title\">\n\t                BLOG\t            <\/h3>\t            <div class=\"cs-title-text\">\n\t                <p>D\u00e9couvrez les derni\u00e8res actualit\u00e9s et les \u00e9v\u00e9nements de l&#8217;h\u00f4tel<\/p>\t            <\/div>        <\/div>\t\t\t\t<\/div>\n\t\t\t\t<\/div>\n\t\t\t\t\t<\/div>\n\t\t<\/div>\n\t\t\t\t\t<\/div>\n\t\t<\/section>\n\t\t<div class=\"elementor-element elementor-element-735710d e-flex e-con-boxed e-con e-parent\" data-id=\"735710d\" data-element_type=\"container\" data-e-type=\"container\" data-settings=\"{&quot;ekit_has_onepagescroll_dot&quot;:&quot;yes&quot;}\">\n\t\t\t\t\t<div class=\"e-con-inner\">\n\t\t\t\t<div class=\"elementor-element elementor-element-38c811b elementor-widget elementor-widget-cs_blog\" data-id=\"38c811b\" data-element_type=\"widget\" data-e-type=\"widget\" data-settings=\"{&quot;ekit_we_effect_on&quot;:&quot;none&quot;}\" data-widget_type=\"cs_blog.default\">\n\t\t\t\t<div class=\"elementor-widget-container\">\n\t\t\t\t\t\t\t\t\t<div class=\"posts layout-masonry column-2\" data-settings='{\"query\":{\"paged\":1,\"posts_per_page\":\"10\",\"ignore_sticky_posts\":true,\"post_type\":\"post\",\"post_status\":\"publish\"},\"settings\":{\"layout\":\"masonry\",\"columns\":\"2\",\"post_meta\":[\"excerpt\",\"date\"],\"page_layout\":\"\",\"pagination\":\"ajax-manual\",\"archive_page\":\"elementor\"}}'>\n\t\t\t\t\t\t\t\t\t<div class=\"posts-wrapper\">\n<div class=\"masonry-column\"><article class=\"post-3735 post type-post status-publish format-gallery has-post-thumbnail hentry category-blog post_format-post-format-gallery\" data-post-id=\"3735\">\n            <div class=\"featured-img\">\n        \t<a href=\"https:\/\/saxparishotel.com\/pt\/viver-como-um-parisiense-caderno-de-enderecos-locais-do-7-o-arrondissement\/\"><img fetchpriority=\"high\" decoding=\"async\" width=\"550\" height=\"365\" src=\"https:\/\/saxparishotel.com\/wp-content\/uploads\/2023\/03\/RoofTopViews_SAX_PARIS-550x365.webp\" class=\"attachment-cozystay_550x9999 size-cozystay_550x9999 wp-post-image image-layout-masonry-column-2\" alt=\"\" srcset=\"https:\/\/saxparishotel.com\/wp-content\/uploads\/2023\/03\/RoofTopViews_SAX_PARIS-550x365.webp 550w, https:\/\/saxparishotel.com\/wp-content\/uploads\/2023\/03\/RoofTopViews_SAX_PARIS-300x199.webp 300w, https:\/\/saxparishotel.com\/wp-content\/uploads\/2023\/03\/RoofTopViews_SAX_PARIS-1024x679.webp 1024w, https:\/\/saxparishotel.com\/wp-content\/uploads\/2023\/03\/RoofTopViews_SAX_PARIS-768x510.webp 768w, https:\/\/saxparishotel.com\/wp-content\/uploads\/2023\/03\/RoofTopViews_SAX_PARIS-1536x1019.webp 1536w, https:\/\/saxparishotel.com\/wp-content\/uploads\/2023\/03\/RoofTopViews_SAX_PARIS-1440x956.webp 1440w, https:\/\/saxparishotel.com\/wp-content\/uploads\/2023\/03\/RoofTopViews_SAX_PARIS-1200x796.webp 1200w, https:\/\/saxparishotel.com\/wp-content\/uploads\/2023\/03\/RoofTopViews_SAX_PARIS-780x518.webp 780w, https:\/\/saxparishotel.com\/wp-content\/uploads\/2023\/03\/RoofTopViews_SAX_PARIS-600x398.webp 600w, https:\/\/saxparishotel.com\/wp-content\/uploads\/2023\/03\/RoofTopViews_SAX_PARIS-370x246.webp 370w, https:\/\/saxparishotel.com\/wp-content\/uploads\/2023\/03\/RoofTopViews_SAX_PARIS-255x169.webp 255w, https:\/\/saxparishotel.com\/wp-content\/uploads\/2023\/03\/RoofTopViews_SAX_PARIS.webp 1920w\" sizes=\"(max-width: 1366px) 550px, 670px\" \/><\/a>            <div class=\"overlay-label time-label\">\n                <div class=\"meta-item time\">\n                    <time class=\"published\" datetime=\"2025-11-12T10:34:29+00:00\">Novembro 12, 2025<\/time>\n                <\/div>\n            <\/div>        <\/div>\n\t<div class=\"post-content\">\n\t\t<header class=\"post-header\">    <h2 class=\"post-title\">\n        <a href=\"https:\/\/saxparishotel.com\/pt\/viver-como-um-parisiense-caderno-de-enderecos-locais-do-7-o-arrondissement\/\">Vivre comme un Parisien : carnet d\u2019adresses locales du 7e arrondissement<\/a>\n    <\/h2>\t\t<\/header>\t\t<div class=\"post-excerpt\"><p>Entre institutions culturelles, jardins confidentiels, commerces de bouche et artisans passionn\u00e9s, ce quartier historique offre un condens\u00e9 du chic parisien. Suivez le guide pour un &#8230;<\/p>\n<\/div> \t<\/div>\n<\/article>\n<\/div>\n<div class=\"masonry-column\"><article class=\"post-3553 post type-post status-publish format-gallery has-post-thumbnail hentry category-blog post_format-post-format-gallery\" data-post-id=\"3553\">\n            <div class=\"featured-img\">\n        \t<a href=\"https:\/\/saxparishotel.com\/pt\/qual-e-a-historia-por-tras-do-nome-sax-ou-saxe\/\"><img decoding=\"async\" width=\"550\" height=\"365\" src=\"https:\/\/saxparishotel.com\/wp-content\/uploads\/2025\/11\/hotel_sax_paris_7_luxe-550x365.jpg\" class=\"attachment-cozystay_550x9999 size-cozystay_550x9999 wp-post-image image-layout-masonry-column-2\" alt=\"\" srcset=\"https:\/\/saxparishotel.com\/wp-content\/uploads\/2025\/11\/hotel_sax_paris_7_luxe-550x365.jpg 550w, https:\/\/saxparishotel.com\/wp-content\/uploads\/2025\/11\/hotel_sax_paris_7_luxe-300x199.jpg 300w, https:\/\/saxparishotel.com\/wp-content\/uploads\/2025\/11\/hotel_sax_paris_7_luxe-1024x679.jpg 1024w, https:\/\/saxparishotel.com\/wp-content\/uploads\/2025\/11\/hotel_sax_paris_7_luxe-768x510.jpg 768w, https:\/\/saxparishotel.com\/wp-content\/uploads\/2025\/11\/hotel_sax_paris_7_luxe-1536x1019.jpg 1536w, https:\/\/saxparishotel.com\/wp-content\/uploads\/2025\/11\/hotel_sax_paris_7_luxe-18x12.jpg 18w, https:\/\/saxparishotel.com\/wp-content\/uploads\/2025\/11\/hotel_sax_paris_7_luxe-1440x956.jpg 1440w, https:\/\/saxparishotel.com\/wp-content\/uploads\/2025\/11\/hotel_sax_paris_7_luxe-1200x796.jpg 1200w, https:\/\/saxparishotel.com\/wp-content\/uploads\/2025\/11\/hotel_sax_paris_7_luxe-780x518.jpg 780w, https:\/\/saxparishotel.com\/wp-content\/uploads\/2025\/11\/hotel_sax_paris_7_luxe-600x398.jpg 600w, https:\/\/saxparishotel.com\/wp-content\/uploads\/2025\/11\/hotel_sax_paris_7_luxe-370x246.jpg 370w, https:\/\/saxparishotel.com\/wp-content\/uploads\/2025\/11\/hotel_sax_paris_7_luxe-255x169.jpg 255w, https:\/\/saxparishotel.com\/wp-content\/uploads\/2025\/11\/hotel_sax_paris_7_luxe.jpg 1920w\" sizes=\"(max-width: 1366px) 550px, 670px\" \/><\/a>            <div class=\"overlay-label time-label\">\n                <div class=\"meta-item time\">\n                    <time class=\"published\" datetime=\"2025-11-03T11:00:06+00:00\">Novembro 3, 2025<\/time>\n                <\/div>\n            <\/div>        <\/div>\n\t<div class=\"post-content\">\n\t\t<header class=\"post-header\">    <h2 class=\"post-title\">\n        <a href=\"https:\/\/saxparishotel.com\/pt\/qual-e-a-historia-por-tras-do-nome-sax-ou-saxe\/\">\u201cQuelle est l\u2019histoire derri\u00e8re le nom &#8216;Sax&#8217; ou &#8216;Saxe&#8217; ?\u201d<\/a>\n    <\/h2>\t\t<\/header>\t\t<div class=\"post-excerpt\"><p>L&#8217;Histoire Fascinante Derri\u00e8re le Nom &#8220;SAX&#8221; ou &#8220;Saxe&#8221; &#8211; Le Joyau Cach\u00e9 du 7\u1d49 Arrondissement de Paris Un nom ancr\u00e9 dans l&#8217;Histoire Parisienne \u00c0 Paris, &#8230;<\/p>\n<\/div> \t<\/div>\n<\/article>\n<\/div>\t\t\t\t<\/div>\t\t\t\t<\/div>\t\t\t\t<\/div>\n\t\t\t\t<\/div>\n\t\t\t\t\t<\/div>\n\t\t\t\t<\/div>\n\t\t\t\t<\/div>\n\t\t","protected":false},"excerpt":{"rendered":"<p>BLOG Descubra as \u00faltimas novidades e eventos hoteleiros novembro 12, 2025 Viver como um parisiense: endere\u00e7os locais no 7\u00ba arrondissement Entre institui\u00e7\u00f5es culturais, jardins confidenciais, lojas de produtos alimentares e artes\u00e3os apaixonados, este bairro hist\u00f3rico oferece uma vers\u00e3o condensada do chique parisiense. Siga o guia para uma ... novembro 3, 2025 \u201cQual \u00e9 o ...<\/p>","protected":false},"author":2,"featured_media":0,"parent":0,"menu_order":0,"comment_status":"closed","ping_status":"closed","template":"template-wide-content.php","meta":{"cozystay_single_page_hide_site_header":"","cozystay_single_page_site_header_source":"","cozystay_single_page_custom_site_header":"0","cozystay_single_page_custom_sticky_site_header":"0","cozystay_single_page_hide_page_title":"on","cozystay_single_page_header_section_size":"","cozystay_single_page_header_background_color":"","cozystay_single_page_header_background_position_x":"center","cozystay_single_page_header_background_position_y":"center","cozystay_single_page_header_background_size":"cover","cozystay_single_page_header_background_repeat":"off","cozystay_single_page_header_background_scroll":"on","cozystay_single_page_header_text_color":"","cozystay_single_page_header_show_breadcrumb":"","cozystay_single_page_site_footer_hide_main":"","cozystay_single_custom_site_footer_main_source":"","cozystay_single_custom_site_footer_main":"0","cozystay_single_page_site_footer_hide_above":"","cozystay_single_custom_site_footer_above_source":"","cozystay_single_custom_site_footer_above":"0","cozystay_single_page_site_footer_hide_instagram":"","cozystay_single_page_site_footer_hide_bottom":"","cozystay_single_custom_mobile_menu_source":"","cozystay_single_custom_mobile_menu":"0","cozystay_single_custom_mobile_menu_animation":"","cozystay_single_custom_mobile_menu_width":"","cozystay_single_custom_mobile_menu_custom_width":375,"footnotes":""},"class_list":["post-3739","page","type-page","status-publish","hentry"],"yoast_head":"<!-- This site is optimized with the Yoast SEO Premium plugin v26.6 (Yoast SEO v26.6) - https:\/\/yoast.com\/wordpress\/plugins\/seo\/ -->\n<title>Blog | H\u00f4tel SAX Paris<\/title>\n<meta name=\"description\" content=\"FAQ H\u00f4tel SAX Paris 7\u00e8me : r\u00e9ponses \u00e0 toutes vos questions sur notre h\u00f4tel de luxe, services, chambres et emplacement privil\u00e9gi\u00e9.\" \/>\n<meta name=\"robots\" content=\"index, follow, max-snippet:-1, max-image-preview:large, max-video-preview:-1\" \/>\n<link rel=\"canonical\" href=\"https:\/\/saxparishotel.com\/pt\/blog\/\" \/>\n<meta property=\"og:locale\" content=\"pt_PT\" \/>\n<meta property=\"og:type\" content=\"article\" \/>\n<meta property=\"og:title\" content=\"Blog\" \/>\n<meta property=\"og:description\" content=\"FAQ H\u00f4tel SAX Paris 7\u00e8me : r\u00e9ponses \u00e0 toutes vos questions sur notre h\u00f4tel de luxe, services, chambres et emplacement privil\u00e9gi\u00e9.\" \/>\n<meta property=\"og:url\" content=\"https:\/\/saxparishotel.com\/pt\/blog\/\" \/>\n<meta property=\"og:site_name\" content=\"H\u00f4tel SAX Paris\" \/>\n<meta property=\"article:publisher\" content=\"https:\/\/www.facebook.com\/profile.php?id=61577383410660\" \/>\n<meta property=\"article:modified_time\" content=\"2026-01-07T17:31:16+00:00\" \/>\n<meta property=\"og:image\" content=\"https:\/\/saxparishotel.com\/wp-content\/uploads\/2023\/03\/RoofTopViews_SAX_PARIS-550x365.webp\" \/>\n<meta name=\"twitter:card\" content=\"summary_large_image\" \/>\n<meta name=\"twitter:label1\" content=\"Tempo estimado de leitura\" \/>\n\t<meta name=\"twitter:data1\" content=\"1 minuto\" \/>\n<script type=\"application\/ld+json\" class=\"yoast-schema-graph\">{\"@context\":\"https:\/\/schema.org\",\"@graph\":[{\"@type\":\"WebPage\",\"@id\":\"https:\/\/saxparishotel.com\/blog\/\",\"url\":\"https:\/\/saxparishotel.com\/blog\/\",\"name\":\"Blog | H\u00f4tel SAX Paris\",\"isPartOf\":{\"@id\":\"https:\/\/saxparishotel.com\/#website\"},\"primaryImageOfPage\":{\"@id\":\"https:\/\/saxparishotel.com\/blog\/#primaryimage\"},\"image\":{\"@id\":\"https:\/\/saxparishotel.com\/blog\/#primaryimage\"},\"thumbnailUrl\":\"https:\/\/saxparishotel.com\/wp-content\/uploads\/2023\/03\/RoofTopViews_SAX_PARIS-550x365.webp\",\"datePublished\":\"2025-11-12T10:44:10+00:00\",\"dateModified\":\"2026-01-07T17:31:16+00:00\",\"description\":\"FAQ H\u00f4tel SAX Paris 7\u00e8me : r\u00e9ponses \u00e0 toutes vos questions sur notre h\u00f4tel de luxe, services, chambres et emplacement privil\u00e9gi\u00e9.\",\"breadcrumb\":{\"@id\":\"https:\/\/saxparishotel.com\/blog\/#breadcrumb\"},\"inLanguage\":\"pt-PT\",\"potentialAction\":[{\"@type\":\"ReadAction\",\"target\":[\"https:\/\/saxparishotel.com\/blog\/\"]}]},{\"@type\":\"ImageObject\",\"inLanguage\":\"pt-PT\",\"@id\":\"https:\/\/saxparishotel.com\/blog\/#primaryimage\",\"url\":\"https:\/\/saxparishotel.com\/wp-content\/uploads\/2023\/03\/RoofTopViews_SAX_PARIS-550x365.webp\",\"contentUrl\":\"https:\/\/saxparishotel.com\/wp-content\/uploads\/2023\/03\/RoofTopViews_SAX_PARIS-550x365.webp\"},{\"@type\":\"BreadcrumbList\",\"@id\":\"https:\/\/saxparishotel.com\/blog\/#breadcrumb\",\"itemListElement\":[{\"@type\":\"ListItem\",\"position\":1,\"name\":\"Home\",\"item\":\"https:\/\/saxparishotel.com\/\"},{\"@type\":\"ListItem\",\"position\":2,\"name\":\"Blog\"}]},{\"@type\":\"WebSite\",\"@id\":\"https:\/\/saxparishotel.com\/#website\",\"url\":\"https:\/\/saxparishotel.com\/\",\"name\":\"H\u00f4tel SAX Paris | Luxe Face Tour Eiffel 7\u00e8me | LXR Hotels\",\"description\":\"LXR Hotels &amp; Resorts\",\"publisher\":{\"@id\":\"https:\/\/saxparishotel.com\/#organization\"},\"alternateName\":\"H\u00f4tel SAX Paris\",\"potentialAction\":[{\"@type\":\"SearchAction\",\"target\":{\"@type\":\"EntryPoint\",\"urlTemplate\":\"https:\/\/saxparishotel.com\/?s={search_term_string}\"},\"query-input\":{\"@type\":\"PropertyValueSpecification\",\"valueRequired\":true,\"valueName\":\"search_term_string\"}}],\"inLanguage\":\"pt-PT\"},{\"@type\":\"Organization\",\"@id\":\"https:\/\/saxparishotel.com\/#organization\",\"name\":\"H\u00f4tel SAX Paris\",\"alternateName\":\"H\u00f4tel SAX Paris\",\"url\":\"https:\/\/saxparishotel.com\/\",\"logo\":{\"@type\":\"ImageObject\",\"inLanguage\":\"pt-PT\",\"@id\":\"https:\/\/saxparishotel.com\/#\/schema\/logo\/image\/\",\"url\":\"https:\/\/saxparishotel.com\/wp-content\/uploads\/2025\/11\/logo_sax_gold.png\",\"contentUrl\":\"https:\/\/saxparishotel.com\/wp-content\/uploads\/2025\/11\/logo_sax_gold.png\",\"width\":300,\"height\":209,\"caption\":\"H\u00f4tel SAX Paris\"},\"image\":{\"@id\":\"https:\/\/saxparishotel.com\/#\/schema\/logo\/image\/\"},\"sameAs\":[\"https:\/\/www.facebook.com\/profile.php?id=61577383410660\",\"https:\/\/www.instagram.com\/saxhotelparis\/\",\"https:\/\/www.linkedin.com\/company\/h\u00f4tel-sax-paris\"],\"telephone\":\"+33 1 81 69 07 40\"}]}<\/script>\n<!-- \/ Yoast SEO Premium plugin. -->","yoast_head_json":{"title":"Blog | Hotel SAX Paris","description":"FAQ H\u00f4tel SAX Paris 7\u00e8me: respostas a todas as suas perguntas sobre o nosso hotel de luxo, servi\u00e7os, quartos e localiza\u00e7\u00e3o privilegiada.","robots":{"index":"index","follow":"follow","max-snippet":"max-snippet:-1","max-image-preview":"max-image-preview:large","max-video-preview":"max-video-preview:-1"},"canonical":"https:\/\/saxparishotel.com\/pt\/blog\/","og_locale":"pt_PT","og_type":"article","og_title":"Blog","og_description":"FAQ H\u00f4tel SAX Paris 7\u00e8me : r\u00e9ponses \u00e0 toutes vos questions sur notre h\u00f4tel de luxe, services, chambres et emplacement privil\u00e9gi\u00e9.","og_url":"https:\/\/saxparishotel.com\/pt\/blog\/","og_site_name":"H\u00f4tel SAX Paris","article_publisher":"https:\/\/www.facebook.com\/profile.php?id=61577383410660","article_modified_time":"2026-01-07T17:31:16+00:00","og_image":[{"url":"https:\/\/saxparishotel.com\/wp-content\/uploads\/2023\/03\/RoofTopViews_SAX_PARIS-550x365.webp","type":"","width":"","height":""}],"twitter_card":"summary_large_image","twitter_misc":{"Tempo estimado de leitura":"1 minuto"},"schema":{"@context":"https:\/\/schema.org","@graph":[{"@type":"WebPage","@id":"https:\/\/saxparishotel.com\/blog\/","url":"https:\/\/saxparishotel.com\/blog\/","name":"Blog | Hotel SAX Paris","isPartOf":{"@id":"https:\/\/saxparishotel.com\/#website"},"primaryImageOfPage":{"@id":"https:\/\/saxparishotel.com\/blog\/#primaryimage"},"image":{"@id":"https:\/\/saxparishotel.com\/blog\/#primaryimage"},"thumbnailUrl":"https:\/\/saxparishotel.com\/wp-content\/uploads\/2023\/03\/RoofTopViews_SAX_PARIS-550x365.webp","datePublished":"2025-11-12T10:44:10+00:00","dateModified":"2026-01-07T17:31:16+00:00","description":"FAQ H\u00f4tel SAX Paris 7\u00e8me: respostas a todas as suas perguntas sobre o nosso hotel de luxo, servi\u00e7os, quartos e localiza\u00e7\u00e3o privilegiada.","breadcrumb":{"@id":"https:\/\/saxparishotel.com\/blog\/#breadcrumb"},"inLanguage":"pt-PT","potentialAction":[{"@type":"ReadAction","target":["https:\/\/saxparishotel.com\/blog\/"]}]},{"@type":"ImageObject","inLanguage":"pt-PT","@id":"https:\/\/saxparishotel.com\/blog\/#primaryimage","url":"https:\/\/saxparishotel.com\/wp-content\/uploads\/2023\/03\/RoofTopViews_SAX_PARIS-550x365.webp","contentUrl":"https:\/\/saxparishotel.com\/wp-content\/uploads\/2023\/03\/RoofTopViews_SAX_PARIS-550x365.webp"},{"@type":"BreadcrumbList","@id":"https:\/\/saxparishotel.com\/blog\/#breadcrumb","itemListElement":[{"@type":"ListItem","position":1,"name":"Home","item":"https:\/\/saxparishotel.com\/"},{"@type":"ListItem","position":2,"name":"Blog"}]},{"@type":"WebSite","@id":"https:\/\/saxparishotel.com\/#website","url":"https:\/\/saxparishotel.com\/","name":"H\u00f4tel SAX Paris | Luxe Face Tour Eiffel 7\u00e8me | LXR Hotels","description":"LXR Hotels &amp; Resorts","publisher":{"@id":"https:\/\/saxparishotel.com\/#organization"},"alternateName":"H\u00f4tel SAX Paris","potentialAction":[{"@type":"SearchAction","target":{"@type":"EntryPoint","urlTemplate":"https:\/\/saxparishotel.com\/?s={search_term_string}"},"query-input":{"@type":"PropertyValueSpecification","valueRequired":true,"valueName":"search_term_string"}}],"inLanguage":"pt-PT"},{"@type":"Organization","@id":"https:\/\/saxparishotel.com\/#organization","name":"Hotel SAX Paris","alternateName":"H\u00f4tel SAX Paris","url":"https:\/\/saxparishotel.com\/","logo":{"@type":"ImageObject","inLanguage":"pt-PT","@id":"https:\/\/saxparishotel.com\/#\/schema\/logo\/image\/","url":"https:\/\/saxparishotel.com\/wp-content\/uploads\/2025\/11\/logo_sax_gold.png","contentUrl":"https:\/\/saxparishotel.com\/wp-content\/uploads\/2025\/11\/logo_sax_gold.png","width":300,"height":209,"caption":"H\u00f4tel SAX Paris"},"image":{"@id":"https:\/\/saxparishotel.com\/#\/schema\/logo\/image\/"},"sameAs":["https:\/\/www.facebook.com\/profile.php?id=61577383410660","https:\/\/www.instagram.com\/saxhotelparis\/","https:\/\/www.linkedin.com\/company\/h\u00f4tel-sax-paris"],"telephone":"+33 1 81 69 07 40"}]}},"_links":{"self":[{"href":"https:\/\/saxparishotel.com\/pt\/wp-json\/wp\/v2\/pages\/3739","targetHints":{"allow":["GET"]}}],"collection":[{"href":"https:\/\/saxparishotel.com\/pt\/wp-json\/wp\/v2\/pages"}],"about":[{"href":"https:\/\/saxparishotel.com\/pt\/wp-json\/wp\/v2\/types\/page"}],"author":[{"embeddable":true,"href":"https:\/\/saxparishotel.com\/pt\/wp-json\/wp\/v2\/users\/2"}],"replies":[{"embeddable":true,"href":"https:\/\/saxparishotel.com\/pt\/wp-json\/wp\/v2\/comments?post=3739"}],"version-history":[{"count":7,"href":"https:\/\/saxparishotel.com\/pt\/wp-json\/wp\/v2\/pages\/3739\/revisions"}],"predecessor-version":[{"id":4849,"href":"https:\/\/saxparishotel.com\/pt\/wp-json\/wp\/v2\/pages\/3739\/revisions\/4849"}],"wp:attachment":[{"href":"https:\/\/saxparishotel.com\/pt\/wp-json\/wp\/v2\/media?parent=3739"}],"curies":[{"name":"wp","href":"https:\/\/api.w.org\/{rel}","templated":true}]}}